{"id":10,"date":"2014-12-28T21:26:14","date_gmt":"2014-12-28T21:26:14","guid":{"rendered":"https:\/\/ferienwohnung-ueberlingen.biz\/?page_id=10"},"modified":"2016-07-21T11:11:20","modified_gmt":"2016-07-21T11:11:20","slug":"lage","status":"publish","type":"page","link":"https:\/\/ferienwohnung-ueberlingen.biz\/?page_id=10","title":{"rendered":"Lage"},"content":{"rendered":"<p><a href=\"https:\/\/ferienwohnung-ueberlingen.biz\/wp-content\/uploads\/2014\/12\/AltstadtplanWeb-1.jpg\"><img loading=\"lazy\" decoding=\"async\" class=\"size-full wp-image-209 aligncenter\" src=\"https:\/\/ferienwohnung-ueberlingen.biz\/wp-content\/uploads\/2014\/12\/AltstadtplanWeb-1.jpg\" alt=\"AltstadtplanWeb\" width=\"600\" height=\"475\" srcset=\"https:\/\/ferienwohnung-ueberlingen.biz\/wp-content\/uploads\/2014\/12\/AltstadtplanWeb-1.jpg 600w, https:\/\/ferienwohnung-ueberlingen.biz\/wp-content\/uploads\/2014\/12\/AltstadtplanWeb-1-300x238.jpg 300w\" sizes=\"auto, (max-width: 600px) 100vw, 600px\" \/><\/a><\/p>\n<p>Am Stadtgraben, der die gesamte \u00dcberlinger Altstadt umschlie\u00dft, liegt die zu Beginn des Jahres 2013 fertig gestellte Wohnung im Erdgeschoss eines von dem Musikerehepaar Regina und Klaus-Martin Heinz neu errichteten Wohnhauses. Die Kesselbachstra\u00dfe ist mit Ausnahme eines ehemaligen Wachturms einseitig bebaut und f\u00fcr den Durchgangsverkehr gesperrt.<\/p>\n<p>Zu Fu\u00df erreichbar sind<br \/>\n&#8211; das Stadtzentrum in 5 Minuten<br \/>\n&#8211; der Landungsplatz am See in 7 Minuten<br \/>\n&#8211; der Bahn- und Busbahnhof in 3 Minuten<br \/>\n&#8211; die Therme (durch den Stadtgraben) in 10 Minuten<\/p>\n<p>Die Angaben beziehen sich auf den k\u00fcrzesten Weg \u00fcber die Kesselbachstra\u00dfe, die im letzten Abschnitt relativ steil abf\u00e4llt. Benutzt man andere Strecken, verl\u00e4ngern sich die angegebenen Dauern geringf\u00fcgig; der bequemste Weg beansprucht 5 bis 6 Minuten mehr.<\/p>\n","protected":false},"excerpt":{"rendered":"<p>Am Stadtgraben, der die gesamte \u00dcberlinger Altstadt umschlie\u00dft, liegt die zu Beginn des Jahres 2013 fertig gestellte Wohnung im Erdgeschoss eines von dem Musikerehepaar Regina und Klaus-Martin Heinz neu errichteten Wohnhauses. Die Kesselbachstra\u00dfe ist mit Ausnahme eines ehemaligen Wachturms einseitig bebaut und f\u00fcr den Durchgangsverkehr gesperrt. Zu Fu\u00df erreichbar sind &#8211; das Stadtzentrum in 5 [&hellip;]<\/p>\n","protected":false},"author":1,"featured_media":35,"parent":0,"menu_order":0,"comment_status":"closed","ping_status":"open","template":"","meta":{"footnotes":""},"class_list":["post-10","page","type-page","status-publish","has-post-thumbnail","hentry"],"_links":{"self":[{"href":"https:\/\/ferienwohnung-ueberlingen.biz\/index.php?rest_route=\/wp\/v2\/pages\/10","targetHints":{"allow":["GET"]}}],"collection":[{"href":"https:\/\/ferienwohnung-ueberlingen.biz\/index.php?rest_route=\/wp\/v2\/pages"}],"about":[{"href":"https:\/\/ferienwohnung-ueberlingen.biz\/index.php?rest_route=\/wp\/v2\/types\/page"}],"author":[{"embeddable":true,"href":"https:\/\/ferienwohnung-ueberlingen.biz\/index.php?rest_route=\/wp\/v2\/users\/1"}],"replies":[{"embeddable":true,"href":"https:\/\/ferienwohnung-ueberlingen.biz\/index.php?rest_route=%2Fwp%2Fv2%2Fcomments&post=10"}],"version-history":[{"count":9,"href":"https:\/\/ferienwohnung-ueberlingen.biz\/index.php?rest_route=\/wp\/v2\/pages\/10\/revisions"}],"predecessor-version":[{"id":211,"href":"https:\/\/ferienwohnung-ueberlingen.biz\/index.php?rest_route=\/wp\/v2\/pages\/10\/revisions\/211"}],"wp:featuredmedia":[{"embeddable":true,"href":"https:\/\/ferienwohnung-ueberlingen.biz\/index.php?rest_route=\/wp\/v2\/media\/35"}],"wp:attachment":[{"href":"https:\/\/ferienwohnung-ueberlingen.biz\/index.php?rest_route=%2Fwp%2Fv2%2Fmedia&parent=10"}],"curies":[{"name":"wp","href":"https:\/\/api.w.org\/{rel}","templated":true}]}}