{"id":14,"date":"2014-12-28T21:26:49","date_gmt":"2014-12-28T21:26:49","guid":{"rendered":"https:\/\/ferienwohnung-ueberlingen.biz\/?page_id=14"},"modified":"2021-02-18T16:03:08","modified_gmt":"2021-02-18T16:03:08","slug":"umgebung-2","status":"publish","type":"page","link":"https:\/\/ferienwohnung-ueberlingen.biz\/?page_id=14","title":{"rendered":"Umgebung"},"content":{"rendered":"<p><strong>Sehensw\u00fcrdigkeiten in \u00dcberlingen<\/strong><\/p>\n<p>Komplett erhaltene mittelalterliche Stadtanlage<br \/>\nGotisches M\u00fcnster mit Hochaltar von J\u00f6rg Z\u00fcrn<br \/>\nHistorisches Rathaus<br \/>\nSt\u00e4dtisches Museum im Patrizierpalast der Reichlin von Meldegg<br \/>\nGro\u00dfz\u00fcgige Uferpromenade mit Landungsplatz und Greth<br \/>\nStadtgarten<\/p>\n<p>Weitere Auskunft \u00fcber die Touristinformation (<a title=\"http:\/\/www.ueberlingen-bodensee.de\" href=\"http:\/\/www.ueberlingen-bodensee.de\" target=\"_blank\" rel=\"noopener\">www.ueberlingen-bodensee.de<\/a>)<\/p>\n<p><strong>Sehensw\u00fcrdigkeiten in der Umgebung<\/strong><\/p>\n<p>Wallfahrtskirche Basilika Birnau<br \/>\nPfahlbaumuseum Unteruhldingen (UNESCO Welterbe)<br \/>\nInsel Mainau<br \/>\nInsel Reichenau (UNESCO Welterbe)<br \/>\nSchloss Salem<br \/>\nMeersburg, Konstanz, Friedrichshafen, Lindau, Bregenz<br \/>\nZeppelinmuseum in Friedrichshafen<br \/>\nSea Life Konstanz<br \/>\nFestung Hohentwiel bei Singen<br \/>\nRheinfall bei Schaffhausen<br \/>\nPf\u00e4nder bei Bregenz (Erlebnisberg mit Pf\u00e4nderbahn, Wildpark und Adlerwarte)<br \/>\nS\u00e4ntis Schwebebahn (Schweiz)<\/p>\n<p><strong>Freizeitm\u00f6glichkeiten, Kulturangebote<\/strong><\/p>\n<p>Therme \u00dcberlingen mit diversen Sauna- und Wellnessangeboten<br \/>\nStrandb\u00e4der<br \/>\nSegelschule-Yacht-Charter u.a.<br \/>\nGolfclub Owingen<br \/>\nWeitl\u00e4ufiges Radwegenetz<br \/>\nAffenberg bei Salem<br \/>\nHaustierhof Reutem\u00fchle<br \/>\nWild- und Freizeitpark Bodanr\u00fcck, Allensbach<\/p>\n<p>Weitere Auskunft \u00fcber die Touristinformation (<a href=\"http:\/\/www.ueberlingen-bodensee.de\" target=\"_blank\" rel=\"noopener\" data-saferedirecturl=\"https:\/\/www.google.com\/url?q=http:\/\/www.ueberlingen-bodensee.de&amp;source=gmail&amp;ust=1613748565977000&amp;usg=AFQjCNGayK37vbelwm0VFq5wU623MNXuqQ\">www.ueberlingen-bodensee.de<\/a>)<\/p>\n<p>Bregenzer Festspiele (<a title=\"www.bregenzerfestspiele.com\" href=\"http:\/\/bregenzerfestspiele.com\" target=\"_blank\" rel=\"noopener\">http:\/\/bregenzerfestspiele.com<\/a>)<\/p>\n<p>Ein reichhaltiges Kulturangebot finden Sie f\u00fcr jede Saison in den jeweiligen st\u00e4dtischen Publikationen.<\/p>\n","protected":false},"excerpt":{"rendered":"<p>Sehensw\u00fcrdigkeiten in \u00dcberlingen Komplett erhaltene mittelalterliche Stadtanlage Gotisches M\u00fcnster mit Hochaltar von J\u00f6rg Z\u00fcrn Historisches Rathaus St\u00e4dtisches Museum im Patrizierpalast der Reichlin von Meldegg Gro\u00dfz\u00fcgige Uferpromenade mit Landungsplatz und Greth Stadtgarten Weitere Auskunft \u00fcber die Touristinformation (www.ueberlingen-bodensee.de) Sehensw\u00fcrdigkeiten in der Umgebung Wallfahrtskirche Basilika Birnau Pfahlbaumuseum Unteruhldingen (UNESCO Welterbe) Insel Mainau Insel Reichenau (UNESCO Welterbe) Schloss [&hellip;]<\/p>\n","protected":false},"author":1,"featured_media":0,"parent":0,"menu_order":0,"comment_status":"closed","ping_status":"open","template":"","meta":{"footnotes":""},"class_list":["post-14","page","type-page","status-publish","hentry"],"_links":{"self":[{"href":"https:\/\/ferienwohnung-ueberlingen.biz\/index.php?rest_route=\/wp\/v2\/pages\/14","targetHints":{"allow":["GET"]}}],"collection":[{"href":"https:\/\/ferienwohnung-ueberlingen.biz\/index.php?rest_route=\/wp\/v2\/pages"}],"about":[{"href":"https:\/\/ferienwohnung-ueberlingen.biz\/index.php?rest_route=\/wp\/v2\/types\/page"}],"author":[{"embeddable":true,"href":"https:\/\/ferienwohnung-ueberlingen.biz\/index.php?rest_route=\/wp\/v2\/users\/1"}],"replies":[{"embeddable":true,"href":"https:\/\/ferienwohnung-ueberlingen.biz\/index.php?rest_route=%2Fwp%2Fv2%2Fcomments&post=14"}],"version-history":[{"count":7,"href":"https:\/\/ferienwohnung-ueberlingen.biz\/index.php?rest_route=\/wp\/v2\/pages\/14\/revisions"}],"predecessor-version":[{"id":270,"href":"https:\/\/ferienwohnung-ueberlingen.biz\/index.php?rest_route=\/wp\/v2\/pages\/14\/revisions\/270"}],"wp:attachment":[{"href":"https:\/\/ferienwohnung-ueberlingen.biz\/index.php?rest_route=%2Fwp%2Fv2%2Fmedia&parent=14"}],"curies":[{"name":"wp","href":"https:\/\/api.w.org\/{rel}","templated":true}]}}