{"id":16,"date":"2014-12-28T21:27:06","date_gmt":"2014-12-28T21:27:06","guid":{"rendered":"https:\/\/ferienwohnung-ueberlingen.biz\/?page_id=16"},"modified":"2022-10-03T17:27:48","modified_gmt":"2022-10-03T17:27:48","slug":"preise","status":"publish","type":"page","link":"https:\/\/ferienwohnung-ueberlingen.biz\/?page_id=16","title":{"rendered":"Preise"},"content":{"rendered":"<p>Die Preise enthalten die Umsatzsteuer. Der Gesamtpreis errechnet sich aus den nach Saison variierenden Mietkosten, der Kurtaxe und ggf. den Zusatzkosten.<\/p>\n<p><strong>Mietkosten <\/strong>(pro Tag)<strong><br \/>\n<\/strong><\/p>\n<p>vom 1. April bis 30. September\u00a0\u00a0\u00a0\u00a0\u00a0\u00a0\u00a0\u00a0\u00a0\u00a0\u00a0\u00a0\u00a0\u00a0\u00a0\u00a0\u00a0\u00a0\u00a0\u00a0 95,00 \u20ac f\u00fcr 2 Personen ab 5 Tagen<br \/>\nvom 1. Oktober bis 31. M\u00e4rz\u00a0\u00a0\u00a0\u00a0\u00a0\u00a0\u00a0\u00a0\u00a0\u00a0\u00a0\u00a0 \u00a0\u00a0\u00a0\u00a0\u00a0\u00a0\u00a0\u00a0\u00a0\u00a0\u00a0 85,00 \u20ac f\u00fcr 2 Personen ab 5 Tagen<\/p>\n<p>Jede weitere Person 25,00 \u20ac pro Tag<\/p>\n<p>Bei einer Mietdauer ab 12 N\u00e4chten wird folgende Erm\u00e4\u00dfigung gew\u00e4hrt:<br \/>\nvom 1. April bis 30. September\u00a0\u00a0\u00a0\u00a0\u00a0\u00a0\u00a0\u00a0\u00a0\u00a0\u00a0\u00a0\u00a0\u00a0\u00a0\u00a0\u00a0\u00a0\u00a0\u00a0 90,00 \u20ac f\u00fcr 2 Personen<br \/>\nvom 1. Oktober bis 31. M\u00e4rz\u00a0\u00a0\u00a0\u00a0\u00a0\u00a0\u00a0\u00a0\u00a0\u00a0\u00a0\u00a0\u00a0\u00a0\u00a0\u00a0\u00a0\u00a0\u00a0\u00a0\u00a0\u00a0\u00a0\u00a0 80,00 \u20ac f\u00fcr 2 Personen<\/p>\n<p>Rabatte f\u00fcr l\u00e4ngere Aufenthaltsdauern oder Preise f\u00fcr Kurzbuchungen nennen wir Ihnen auf Anfrage. In den vorgenannten Preisen sind die Kosten f\u00fcr Bettw\u00e4sche, Handt\u00fccher und Endreinigung enthalten.<\/p>\n<p><strong>Kurtaxe<\/strong><\/p>\n<p>f\u00fcr Personen ab 16 Jahren<br \/>\nvom 1. April bis 31. Oktober\u00a0\u00a0\u00a0\u00a0\u00a0\u00a0\u00a0\u00a0\u00a0\u00a0\u00a0\u00a0\u00a0\u00a0\u00a0\u00a0\u00a0\u00a0\u00a0\u00a0 3,30 \u20ac pro Person und \u00dcbernachtung<br \/>\nvom 1. November bis 31. M\u00e4rz\u00a0\u00a0\u00a0\u00a0\u00a0\u00a0\u00a0\u00a0\u00a0\u00a0\u00a0\u00a0 \u00a0\u00a0 2,40 \u20ac pro Person und \u00dcbernachtung<\/p>\n<p>Kinder unter 16 Jahren, G\u00e4ste mit einem Schwerbehindertengrad ab 80 % und eingetragene Begleitpersonen zahlen keine Kurtaxe.<\/p>\n<p>Bei der Anreise erhalten Sie von uns eine <strong>G\u00e4stekarte<\/strong>. Sie bietet verschiedene Verg\u00fcnstigungen bei Freizeiteinrichtungen, Ausflugszielen und G\u00e4steprogrammen. Au\u00dferdem gilt sie als <strong>Gratis-Busticket<\/strong> in s\u00e4mtlichen Linien<strong> innerhalb des \u00dcberlinger Stadtgebiets<\/strong> (mit Goldbach und Andelshofen) inkl. der sieben Ortsteile (Bambergen, Bonndorf, Deisendorf, H\u00f6dingen, Lippertsreute\/Ernatsreute, Nesselwangen, Nu\u00dfdorf).<\/p>\n<p>Weitere Informationen: <a href=\"https:\/\/www.ueberlingen-bodensee.de\/kurtaxe-in-ueberlingen\">https:\/\/www.ueberlingen-bodensee.de\/kurtaxe-in-ueberlingen<\/a><\/p>\n<p><strong>Zusatzkosten<\/strong><\/p>\n<p>f\u00fcr Carportbenutzung: 5,00 \u20ac pro Tag \/ Nacht und Fahrzeug<br \/>\nf\u00fcr Garagenbenutzung (nur 1 Fahrzeug): 10,00 \u20ac pro Tag \/ Nacht<\/p>\n<p><strong>Wichtiger Hinweis:<\/strong> Die Wohnung ist Nichtrauchern vorbehalten. Haustiere d\u00fcrfen nicht mitgebracht werden.<\/p>\n","protected":false},"excerpt":{"rendered":"<p>Die Preise enthalten die Umsatzsteuer. Der Gesamtpreis errechnet sich aus den nach Saison variierenden Mietkosten, der Kurtaxe und ggf. den Zusatzkosten. Mietkosten (pro Tag) vom 1. April bis 30. September\u00a0\u00a0\u00a0\u00a0\u00a0\u00a0\u00a0\u00a0\u00a0\u00a0\u00a0\u00a0\u00a0\u00a0\u00a0\u00a0\u00a0\u00a0\u00a0\u00a0 95,00 \u20ac f\u00fcr 2 Personen ab 5 Tagen vom 1. Oktober bis 31. M\u00e4rz\u00a0\u00a0\u00a0\u00a0\u00a0\u00a0\u00a0\u00a0\u00a0\u00a0\u00a0\u00a0 \u00a0\u00a0\u00a0\u00a0\u00a0\u00a0\u00a0\u00a0\u00a0\u00a0\u00a0 85,00 \u20ac f\u00fcr 2 Personen ab 5 Tagen Jede weitere [&hellip;]<\/p>\n","protected":false},"author":1,"featured_media":0,"parent":0,"menu_order":0,"comment_status":"closed","ping_status":"open","template":"","meta":{"footnotes":""},"class_list":["post-16","page","type-page","status-publish","hentry"],"_links":{"self":[{"href":"https:\/\/ferienwohnung-ueberlingen.biz\/index.php?rest_route=\/wp\/v2\/pages\/16","targetHints":{"allow":["GET"]}}],"collection":[{"href":"https:\/\/ferienwohnung-ueberlingen.biz\/index.php?rest_route=\/wp\/v2\/pages"}],"about":[{"href":"https:\/\/ferienwohnung-ueberlingen.biz\/index.php?rest_route=\/wp\/v2\/types\/page"}],"author":[{"embeddable":true,"href":"https:\/\/ferienwohnung-ueberlingen.biz\/index.php?rest_route=\/wp\/v2\/users\/1"}],"replies":[{"embeddable":true,"href":"https:\/\/ferienwohnung-ueberlingen.biz\/index.php?rest_route=%2Fwp%2Fv2%2Fcomments&post=16"}],"version-history":[{"count":9,"href":"https:\/\/ferienwohnung-ueberlingen.biz\/index.php?rest_route=\/wp\/v2\/pages\/16\/revisions"}],"predecessor-version":[{"id":281,"href":"https:\/\/ferienwohnung-ueberlingen.biz\/index.php?rest_route=\/wp\/v2\/pages\/16\/revisions\/281"}],"wp:attachment":[{"href":"https:\/\/ferienwohnung-ueberlingen.biz\/index.php?rest_route=%2Fwp%2Fv2%2Fmedia&parent=16"}],"curies":[{"name":"wp","href":"https:\/\/api.w.org\/{rel}","templated":true}]}}