{"id":66,"date":"2015-01-03T11:59:02","date_gmt":"2015-01-03T11:59:02","guid":{"rendered":"https:\/\/ferienwohnung-ueberlingen.biz\/?page_id=66"},"modified":"2018-11-14T11:57:11","modified_gmt":"2018-11-14T11:57:11","slug":"zimmer","status":"publish","type":"page","link":"https:\/\/ferienwohnung-ueberlingen.biz\/?page_id=66","title":{"rendered":"Zimmer"},"content":{"rendered":"<p><a href=\"https:\/\/ferienwohnung-ueberlingen.biz\/wp-content\/uploads\/2015\/01\/wohnungstuer.jpg\"><img loading=\"lazy\" decoding=\"async\" class=\" size-full wp-image-120 alignleft\" src=\"https:\/\/ferienwohnung-ueberlingen.biz\/wp-content\/uploads\/2015\/01\/wohnungstuer.jpg\" alt=\"wohnungstuer\" width=\"180\" height=\"225\" \/><\/a>Treten Sie ein! Wenige Schritte hinter der Haust\u00fcr \u00f6ffnen Sie eine handwerklich hergestellte T\u00fcr aus Familienbesitz und betreten Ihre Ferienwohnung. Die gesamte Wohnung ist mit Fu\u00dfbodenheizung, steuerbar \u00fcber Raumthermostate, und Fliesenb\u00f6den ausgestattet. Im Winter warm, im Sommer k\u00fchl. Angenehmes Raumklima: Alle Wandfl\u00e4chen sind mit atmungsaktivem Rotkalkputz versehen und mit diffusionsoffener Silikatfarbe wei\u00df gestrichen. So f\u00fchlen sich auch Allergiker wohl.<\/p>\n<p>&nbsp;<\/p>\n<p>&nbsp;<\/p>\n<p>&nbsp;<\/p>\n<p>Gleich links neben der Wohnungst\u00fcr: Garderobe, Schlafzimmer und Toilette:<\/p>\n<p><a href=\"https:\/\/ferienwohnung-ueberlingen.biz\/wp-content\/uploads\/2015\/01\/Garderobe.jpg\"><img loading=\"lazy\" decoding=\"async\" class=\"alignnone size-full wp-image-121\" src=\"https:\/\/ferienwohnung-ueberlingen.biz\/wp-content\/uploads\/2015\/01\/Garderobe.jpg\" alt=\"Garderobe\" width=\"169\" height=\"225\" \/><\/a> <a href=\"https:\/\/ferienwohnung-ueberlingen.biz\/wp-content\/uploads\/2015\/01\/schlafzimmer.jpg\"><img loading=\"lazy\" decoding=\"async\" class=\"alignnone size-full wp-image-122\" src=\"https:\/\/ferienwohnung-ueberlingen.biz\/wp-content\/uploads\/2015\/01\/schlafzimmer.jpg\" alt=\"schlafzimmer\" width=\"300\" height=\"225\" srcset=\"https:\/\/ferienwohnung-ueberlingen.biz\/wp-content\/uploads\/2015\/01\/schlafzimmer.jpg 300w, https:\/\/ferienwohnung-ueberlingen.biz\/wp-content\/uploads\/2015\/01\/schlafzimmer-135x100.jpg 135w\" sizes=\"auto, (max-width: 300px) 100vw, 300px\" \/><\/a> <a href=\"https:\/\/ferienwohnung-ueberlingen.biz\/wp-content\/uploads\/2015\/01\/wc.jpg\"><img loading=\"lazy\" decoding=\"async\" class=\"alignnone size-full wp-image-125\" src=\"https:\/\/ferienwohnung-ueberlingen.biz\/wp-content\/uploads\/2015\/01\/wc.jpg\" alt=\"wc\" width=\"169\" height=\"225\" \/><\/a><\/p>\n<p>&nbsp;<\/p>\n<p>Links hinter der Toilette: Ger\u00e4umiges Badezimmer mit Dusche (90 x 100 cm), Badewanne und WC. Die Duschwanne ist fast bodengleich und daher bequem zu betreten.<\/p>\n<p><strong><em><a href=\"https:\/\/ferienwohnung-ueberlingen.biz\/wp-content\/uploads\/2015\/01\/bad1.jpg\"><img loading=\"lazy\" decoding=\"async\" class=\"alignnone size-full wp-image-129\" src=\"https:\/\/ferienwohnung-ueberlingen.biz\/wp-content\/uploads\/2015\/01\/bad1.jpg\" alt=\"bad1\" width=\"169\" height=\"225\" \/><\/a> <a href=\"https:\/\/ferienwohnung-ueberlingen.biz\/wp-content\/uploads\/2015\/01\/bad2.jpg\"><img loading=\"lazy\" decoding=\"async\" class=\"alignnone size-full wp-image-128\" src=\"https:\/\/ferienwohnung-ueberlingen.biz\/wp-content\/uploads\/2015\/01\/bad2.jpg\" alt=\"bad2\" width=\"169\" height=\"225\" \/><\/a>\u00a0<\/em><\/strong><\/p>\n<p>Geradeaus &#8211; Die K\u00fcche mit Essplatz:<\/p>\n<p><strong><em><a href=\"https:\/\/ferienwohnung-ueberlingen.biz\/wp-content\/uploads\/2018\/10\/essplatz.jpg\"><img loading=\"lazy\" decoding=\"async\" src=\"https:\/\/ferienwohnung-ueberlingen.biz\/wp-content\/uploads\/2018\/10\/essplatz.jpg\" alt=\"essplatz\" width=\"300\" height=\"225\" \/> <\/a><a href=\"https:\/\/ferienwohnung-ueberlingen.biz\/wp-content\/uploads\/2018\/11\/KuecheNeu1.jpg\"><img loading=\"lazy\" decoding=\"async\" class=\"\" src=\"https:\/\/ferienwohnung-ueberlingen.biz\/wp-content\/uploads\/2018\/11\/KuecheNeu1.jpg\" alt=\"k\u00fcche\" width=\"169\" height=\"226\" \/><\/a><\/em><\/strong><\/p>\n<p>Die K\u00fcche ist komplett ausgestattet mit neuen Elektroger\u00e4ten (K\u00fchlschrank, Elektroherd mit Backofen, Sp\u00fclmaschine).<\/p>\n<p>Gewohnt wird nach S\u00fcden und am Garten: Gro\u00dfer Wohnraum mit Sofa, Flachbildfernseher, Stereoanlage&#8230;<\/p>\n<p><strong><em><a href=\"https:\/\/ferienwohnung-ueberlingen.biz\/wp-content\/uploads\/2018\/11\/Wohnzimmer-Neu.jpg\"><img loading=\"lazy\" decoding=\"async\" class=\" wp-image-127 alignleft\" src=\"https:\/\/ferienwohnung-ueberlingen.biz\/wp-content\/uploads\/2018\/11\/Wohnzimmer-Neu.jpg\" alt=\"Wohnzimmer\" width=\"300\" height=\"225\" \/><\/a><a href=\"https:\/\/ferienwohnung-ueberlingen.biz\/wp-content\/uploads\/2018\/10\/wohnzimmerTV.jpg\"><img loading=\"lazy\" decoding=\"async\" class=\" wp-image-127 alignleft\" src=\"https:\/\/ferienwohnung-ueberlingen.biz\/wp-content\/uploads\/2018\/10\/wohnzimmerTV.jpg\" alt=\"Wohnzimmer\" width=\"294\" height=\"221\" \/><\/a><\/em><\/strong><\/p>\n<p>&nbsp;<\/p>\n<p>&nbsp;<\/p>\n<p>&nbsp;<\/p>\n<p>&nbsp;<\/p>\n<p>&nbsp;<\/p>\n<p>&nbsp;<\/p>\n<p>&#8230;und zwei bequemen Ruhesesseln:<\/p>\n<p><strong><em><a href=\"https:\/\/ferienwohnung-ueberlingen.biz\/wp-content\/uploads\/2018\/10\/wohnzimmersessel.jpg\"><img loading=\"lazy\" decoding=\"async\" class=\" wp-image-127 alignleft\" src=\"https:\/\/ferienwohnung-ueberlingen.biz\/wp-content\/uploads\/2018\/10\/wohnzimmersessel.jpg\" alt=\"wohnzimmersessel\" width=\"300\" height=\"225\" \/><\/a><a href=\"https:\/\/ferienwohnung-ueberlingen.biz\/wp-content\/uploads\/2018\/10\/wohnzimmersesselNachts.jpg\"><img loading=\"lazy\" decoding=\"async\" class=\" wp-image-127 alignleft\" src=\"https:\/\/ferienwohnung-ueberlingen.biz\/wp-content\/uploads\/2018\/10\/wohnzimmersesselNachts.jpg\" alt=\"wohnzimmersessel\" width=\"169\" height=\"225\" \/><\/a><\/em><\/strong><\/p>\n<p>&nbsp;<\/p>\n<p>&nbsp;<\/p>\n<p>&nbsp;<\/p>\n<p>&nbsp;<\/p>\n<p>&nbsp;<\/p>\n<p>&nbsp;<\/p>\n<p><strong>Zweiter Schlafraum? <\/strong><br \/>\nMit wenigen Handgriffen l\u00e4sst sich das Wohnzimmer in einen zweiten Schlafraum verwandeln: Fl\u00e4chenvorhang zuziehen, das Bettsofa mit W\u00e4sche aus dem Bettkasten beziehen und die elektrischen Roll\u00e4den schlie\u00dfen. Liegefl\u00e4che des Bettsofas: 200 x 130 cm.<\/p>\n","protected":false},"excerpt":{"rendered":"<p>Treten Sie ein! Wenige Schritte hinter der Haust\u00fcr \u00f6ffnen Sie eine handwerklich hergestellte T\u00fcr aus Familienbesitz und betreten Ihre Ferienwohnung. Die gesamte Wohnung ist mit Fu\u00dfbodenheizung, steuerbar \u00fcber Raumthermostate, und Fliesenb\u00f6den ausgestattet. Im Winter warm, im Sommer k\u00fchl. Angenehmes Raumklima: Alle Wandfl\u00e4chen sind mit atmungsaktivem Rotkalkputz versehen und mit diffusionsoffener Silikatfarbe wei\u00df gestrichen. So f\u00fchlen [&hellip;]<\/p>\n","protected":false},"author":1,"featured_media":0,"parent":12,"menu_order":1,"comment_status":"closed","ping_status":"open","template":"","meta":{"footnotes":""},"class_list":["post-66","page","type-page","status-publish","hentry"],"_links":{"self":[{"href":"https:\/\/ferienwohnung-ueberlingen.biz\/index.php?rest_route=\/wp\/v2\/pages\/66","targetHints":{"allow":["GET"]}}],"collection":[{"href":"https:\/\/ferienwohnung-ueberlingen.biz\/index.php?rest_route=\/wp\/v2\/pages"}],"about":[{"href":"https:\/\/ferienwohnung-ueberlingen.biz\/index.php?rest_route=\/wp\/v2\/types\/page"}],"author":[{"embeddable":true,"href":"https:\/\/ferienwohnung-ueberlingen.biz\/index.php?rest_route=\/wp\/v2\/users\/1"}],"replies":[{"embeddable":true,"href":"https:\/\/ferienwohnung-ueberlingen.biz\/index.php?rest_route=%2Fwp%2Fv2%2Fcomments&post=66"}],"version-history":[{"count":37,"href":"https:\/\/ferienwohnung-ueberlingen.biz\/index.php?rest_route=\/wp\/v2\/pages\/66\/revisions"}],"predecessor-version":[{"id":264,"href":"https:\/\/ferienwohnung-ueberlingen.biz\/index.php?rest_route=\/wp\/v2\/pages\/66\/revisions\/264"}],"up":[{"embeddable":true,"href":"https:\/\/ferienwohnung-ueberlingen.biz\/index.php?rest_route=\/wp\/v2\/pages\/12"}],"wp:attachment":[{"href":"https:\/\/ferienwohnung-ueberlingen.biz\/index.php?rest_route=%2Fwp%2Fv2%2Fmedia&parent=66"}],"curies":[{"name":"wp","href":"https:\/\/api.w.org\/{rel}","templated":true}]}}