{"id":68,"date":"2015-01-03T11:59:42","date_gmt":"2015-01-03T11:59:42","guid":{"rendered":"https:\/\/ferienwohnung-ueberlingen.biz\/?page_id=68"},"modified":"2015-01-03T15:06:53","modified_gmt":"2015-01-03T15:06:53","slug":"terrasse","status":"publish","type":"page","link":"https:\/\/ferienwohnung-ueberlingen.biz\/?page_id=68","title":{"rendered":"Terrasse"},"content":{"rendered":"<p>Speisen, Entspannen oder einfach nur da sitzen:<\/p>\n<p>Die ca. 30 Quadratmeter gro\u00dfe <strong>Terrasse<\/strong>, erreichbar aus Wohnraum und K\u00fcche, liegt auf einer St\u00e4nderkonstruktion ca. 1,60 m erh\u00f6ht im hauseigenen Garten. Zusammen mit zwei unmittelbar angrenzenden G\u00e4rten bildet er die gr\u00f6\u00dfte zusammenh\u00e4ngende private Gr\u00fcnfl\u00e4che in der Altstadt. Ein gro\u00dfer Sonnenschirm spendet Schatten.<\/p>\n<p><a href=\"https:\/\/ferienwohnung-ueberlingen.biz\/wp-content\/uploads\/2015\/01\/Terasse.jpg\"><img loading=\"lazy\" decoding=\"async\" class=\"alignnone size-full wp-image-137\" src=\"https:\/\/ferienwohnung-ueberlingen.biz\/wp-content\/uploads\/2015\/01\/Terasse.jpg\" alt=\"Terasse\" width=\"380\" height=\"300\" srcset=\"https:\/\/ferienwohnung-ueberlingen.biz\/wp-content\/uploads\/2015\/01\/Terasse.jpg 380w, https:\/\/ferienwohnung-ueberlingen.biz\/wp-content\/uploads\/2015\/01\/Terasse-300x237.jpg 300w\" sizes=\"auto, (max-width: 380px) 100vw, 380px\" \/><\/a><\/p>\n","protected":false},"excerpt":{"rendered":"<p>Speisen, Entspannen oder einfach nur da sitzen: Die ca. 30 Quadratmeter gro\u00dfe Terrasse, erreichbar aus Wohnraum und K\u00fcche, liegt auf einer St\u00e4nderkonstruktion ca. 1,60 m erh\u00f6ht im hauseigenen Garten. Zusammen mit zwei unmittelbar angrenzenden G\u00e4rten bildet er die gr\u00f6\u00dfte zusammenh\u00e4ngende private Gr\u00fcnfl\u00e4che in der Altstadt. Ein gro\u00dfer Sonnenschirm spendet Schatten.<\/p>\n","protected":false},"author":1,"featured_media":0,"parent":12,"menu_order":2,"comment_status":"closed","ping_status":"open","template":"","meta":{"footnotes":""},"class_list":["post-68","page","type-page","status-publish","hentry"],"_links":{"self":[{"href":"https:\/\/ferienwohnung-ueberlingen.biz\/index.php?rest_route=\/wp\/v2\/pages\/68","targetHints":{"allow":["GET"]}}],"collection":[{"href":"https:\/\/ferienwohnung-ueberlingen.biz\/index.php?rest_route=\/wp\/v2\/pages"}],"about":[{"href":"https:\/\/ferienwohnung-ueberlingen.biz\/index.php?rest_route=\/wp\/v2\/types\/page"}],"author":[{"embeddable":true,"href":"https:\/\/ferienwohnung-ueberlingen.biz\/index.php?rest_route=\/wp\/v2\/users\/1"}],"replies":[{"embeddable":true,"href":"https:\/\/ferienwohnung-ueberlingen.biz\/index.php?rest_route=%2Fwp%2Fv2%2Fcomments&post=68"}],"version-history":[{"count":4,"href":"https:\/\/ferienwohnung-ueberlingen.biz\/index.php?rest_route=\/wp\/v2\/pages\/68\/revisions"}],"predecessor-version":[{"id":140,"href":"https:\/\/ferienwohnung-ueberlingen.biz\/index.php?rest_route=\/wp\/v2\/pages\/68\/revisions\/140"}],"up":[{"embeddable":true,"href":"https:\/\/ferienwohnung-ueberlingen.biz\/index.php?rest_route=\/wp\/v2\/pages\/12"}],"wp:attachment":[{"href":"https:\/\/ferienwohnung-ueberlingen.biz\/index.php?rest_route=%2Fwp%2Fv2%2Fmedia&parent=68"}],"curies":[{"name":"wp","href":"https:\/\/api.w.org\/{rel}","templated":true}]}}