{"id":70,"date":"2015-01-03T12:00:16","date_gmt":"2015-01-03T12:00:16","guid":{"rendered":"https:\/\/ferienwohnung-ueberlingen.biz\/?page_id=70"},"modified":"2015-01-03T15:09:29","modified_gmt":"2015-01-03T15:09:29","slug":"ausstattung","status":"publish","type":"page","link":"https:\/\/ferienwohnung-ueberlingen.biz\/?page_id=70","title":{"rendered":"Ausstattung"},"content":{"rendered":"<p>Sonnenschutz: Schiebel\u00e4den sch\u00fctzen Schlafzimmer und Bad, die Jalousien im Wohnzimmer funktionieren elektrisch. Seilzugrollos bieten in Schlafzimmer, Bad und K\u00fcche zus\u00e4tzlich Sichtschutz.<\/p>\n<p>Die Wohnung ist \u00fcber eine eigene Telefonnummer erreichbar.<br \/>\nWLAN (kostenfrei)<br \/>\nFernseher<br \/>\nStereoanlage<br \/>\n1 Damen- und 1 Herrenfahrrad<\/p>\n","protected":false},"excerpt":{"rendered":"<p>Sonnenschutz: Schiebel\u00e4den sch\u00fctzen Schlafzimmer und Bad, die Jalousien im Wohnzimmer funktionieren elektrisch. Seilzugrollos bieten in Schlafzimmer, Bad und K\u00fcche zus\u00e4tzlich Sichtschutz. Die Wohnung ist \u00fcber eine eigene Telefonnummer erreichbar. WLAN (kostenfrei) Fernseher Stereoanlage 1 Damen- und 1 Herrenfahrrad<\/p>\n","protected":false},"author":1,"featured_media":0,"parent":12,"menu_order":3,"comment_status":"closed","ping_status":"open","template":"","meta":{"footnotes":""},"class_list":["post-70","page","type-page","status-publish","hentry"],"_links":{"self":[{"href":"https:\/\/ferienwohnung-ueberlingen.biz\/index.php?rest_route=\/wp\/v2\/pages\/70","targetHints":{"allow":["GET"]}}],"collection":[{"href":"https:\/\/ferienwohnung-ueberlingen.biz\/index.php?rest_route=\/wp\/v2\/pages"}],"about":[{"href":"https:\/\/ferienwohnung-ueberlingen.biz\/index.php?rest_route=\/wp\/v2\/types\/page"}],"author":[{"embeddable":true,"href":"https:\/\/ferienwohnung-ueberlingen.biz\/index.php?rest_route=\/wp\/v2\/users\/1"}],"replies":[{"embeddable":true,"href":"https:\/\/ferienwohnung-ueberlingen.biz\/index.php?rest_route=%2Fwp%2Fv2%2Fcomments&post=70"}],"version-history":[{"count":2,"href":"https:\/\/ferienwohnung-ueberlingen.biz\/index.php?rest_route=\/wp\/v2\/pages\/70\/revisions"}],"predecessor-version":[{"id":141,"href":"https:\/\/ferienwohnung-ueberlingen.biz\/index.php?rest_route=\/wp\/v2\/pages\/70\/revisions\/141"}],"up":[{"embeddable":true,"href":"https:\/\/ferienwohnung-ueberlingen.biz\/index.php?rest_route=\/wp\/v2\/pages\/12"}],"wp:attachment":[{"href":"https:\/\/ferienwohnung-ueberlingen.biz\/index.php?rest_route=%2Fwp%2Fv2%2Fmedia&parent=70"}],"curies":[{"name":"wp","href":"https:\/\/api.w.org\/{rel}","templated":true}]}}