{"id":89,"date":"2015-01-03T13:28:11","date_gmt":"2015-01-03T13:28:11","guid":{"rendered":"https:\/\/ferienwohnung-ueberlingen.biz\/?page_id=89"},"modified":"2016-05-12T19:25:15","modified_gmt":"2016-05-12T19:25:15","slug":"impressum","status":"publish","type":"page","link":"https:\/\/ferienwohnung-ueberlingen.biz\/?page_id=89","title":{"rendered":"Kontakt"},"content":{"rendered":"<p>Ferienwohnung am Stadtgraben<\/p>\n<p style=\"text-align: left;\">Klaus-Martin und Regina Heinz<br \/>\nKesselbachstr. 9<br \/>\nD-88662 \u00dcberlingen<\/p>\n<p style=\"text-align: left;\">Tel.: +49 &#8211; (0)7551 &#8211; 98 97 99 0<br \/>\nE-Mail: info@ferienwohnung-ueberlingen.biz<\/p>\n<p>&nbsp;<\/p>\n<p>Wenn Sie unseren Belegungskalender einsehen m\u00f6chten, klicken Sie bitte auf folgenden Link,<br \/>\nw\u00e4hlen Sie auf der sich \u00f6ffnenden Seite in der Registerkarte &#8222;Angebote&#8220; und klicken Sie <br \/>\nganz unten auf &#8222;Verf\u00fcgbarkeitskalender anzeigen&#8220;: <a title=\"Ferienwohnung am Altstadtgraben\" href=\"http:\/\/buchen.ueberlingen-bodensee.de\/ueber\/de\/accommodation\/detail\/DE2\/335b336d-83ef-48e7-8f66-6c4c51f2845d\/ferienwohnung_am_altstadtgraben?customHeader=true&amp;selectTab=Description&amp;AspxAutoDetectCookieSupport=1\" target=\"_blank\">Zum Verf\u00fcgbarkeitskalender<\/a><\/p>\n<p \/>\n","protected":false},"excerpt":{"rendered":"<p>Ferienwohnung am Stadtgraben Klaus-Martin und Regina Heinz Kesselbachstr. 9 D-88662 \u00dcberlingen Tel.: +49 &#8211; (0)7551 &#8211; 98 97 99 0 E-Mail: info@ferienwohnung-ueberlingen.biz &nbsp; Wenn Sie unseren Belegungskalender einsehen m\u00f6chten, klicken Sie bitte auf folgenden Link, w\u00e4hlen Sie auf der sich \u00f6ffnenden Seite in der Registerkarte &#8222;Angebote&#8220; und klicken Sie ganz unten auf &#8222;Verf\u00fcgbarkeitskalender anzeigen&#8220;: Zum [&hellip;]<\/p>\n","protected":false},"author":1,"featured_media":0,"parent":0,"menu_order":0,"comment_status":"closed","ping_status":"open","template":"","meta":{"footnotes":""},"class_list":["post-89","page","type-page","status-publish","hentry"],"_links":{"self":[{"href":"https:\/\/ferienwohnung-ueberlingen.biz\/index.php?rest_route=\/wp\/v2\/pages\/89","targetHints":{"allow":["GET"]}}],"collection":[{"href":"https:\/\/ferienwohnung-ueberlingen.biz\/index.php?rest_route=\/wp\/v2\/pages"}],"about":[{"href":"https:\/\/ferienwohnung-ueberlingen.biz\/index.php?rest_route=\/wp\/v2\/types\/page"}],"author":[{"embeddable":true,"href":"https:\/\/ferienwohnung-ueberlingen.biz\/index.php?rest_route=\/wp\/v2\/users\/1"}],"replies":[{"embeddable":true,"href":"https:\/\/ferienwohnung-ueberlingen.biz\/index.php?rest_route=%2Fwp%2Fv2%2Fcomments&post=89"}],"version-history":[{"count":7,"href":"https:\/\/ferienwohnung-ueberlingen.biz\/index.php?rest_route=\/wp\/v2\/pages\/89\/revisions"}],"predecessor-version":[{"id":202,"href":"https:\/\/ferienwohnung-ueberlingen.biz\/index.php?rest_route=\/wp\/v2\/pages\/89\/revisions\/202"}],"wp:attachment":[{"href":"https:\/\/ferienwohnung-ueberlingen.biz\/index.php?rest_route=%2Fwp%2Fv2%2Fmedia&parent=89"}],"curies":[{"name":"wp","href":"https:\/\/api.w.org\/{rel}","templated":true}]}}